{"id":108,"date":"2019-08-06T19:54:58","date_gmt":"2019-08-06T22:54:58","guid":{"rendered":"http:\/\/localhost\/wordpress\/?page_id=108"},"modified":"2024-11-20T21:24:48","modified_gmt":"2024-11-21T00:24:48","slug":"contacto","status":"publish","type":"page","link":"https:\/\/onyx.com.uy\/en\/contacto\/","title":{"rendered":"Contact"},"content":{"rendered":"<div style=\"height:20px\" aria-hidden=\"true\" class=\"wp-block-spacer\"><\/div>\n\n\n\n<p>If you have any questions about your order, products, or the website, leave your message below, and I\u2019ll get back to you as soon as possible.<\/p>\n\n\n                    <script type=\"text\/javascript\">\n                        var onloadSibCallback = function () {\n                            jQuery('.g-recaptcha').each(function (index, el) {\n                                grecaptcha.render(el, {\n                                    'sitekey': jQuery(el).attr('data-sitekey')\n                                });\n                            });\n                        };\n                    <\/script>\n\t\t\t\t\t                <script src=\"https:\/\/www.google.com\/recaptcha\/api.js?onload=onloadSibCallback&render=explicit\" async defer><\/script>\n\t\t\t\t\n\t\t\t<form id=\"sib_signup_form_4\" method=\"post\" class=\"sib_signup_form\" action=\"\">\n\t\t\t\t<div class=\"sib_loader\" style=\"display:none;\"><img\n\t\t\t\t\t\t\tsrc=\"https:\/\/onyx.com.uy\/wp-includes\/images\/spinner.gif\" alt=\"loader\"><\/div>\n\t\t\t\t<input type=\"hidden\" name=\"sib_form_action\" value=\"subscribe_form_submit\">\n\t\t\t\t<input type=\"hidden\" name=\"sib_form_id\" value=\"4\">\n                <input type=\"hidden\" name=\"sib_form_alert_notice\" value=\"Llen\u00e1 todos los campos\">\n                <input type=\"hidden\" name=\"sib_form_invalid_email_notice\" value=\"Direcci\u00f3n de email incorrecta\">\n                <input type=\"hidden\" name=\"sib_security\" value=\"adfdcb8545\">\n\t\t\t\t<div class=\"sib_signup_box_inside_4\">\n\t\t\t\t\t<div style=\"\/*display:none*\/\" class=\"sib_msg_disp\">\n\t\t\t\t\t<\/div>\n                    \t\t\t\t\t<p class=\"sib-NOMBRE-area\"> \r\n    <label class=\"sib-NOMBRE-area\">*<\/label> \r\n    <input type=\"text\" class=\"sib-NOMBRE-area\" name=\"NOMBRE\" placeholder=\"Name\" required=\"required\"> \r\n<\/p>\r\n<p class=\"sib-email-area\"> \r\n    <label class=\"sib-email-area\">*<\/label> \r\n    <input type=\"email\" class=\"sib-email-area\" name=\"email\" placeholder=\"Email\" value=\"\" required=\"required\"> \r\n<\/p>\r\n\r\n<p class=\"sib-MENSAJE-area\"> \r\n    <label for=\"MENSAJE\">*<\/label> \r\n    <textarea id=\"MENSAJE\"><\/textarea>\r\n<\/p>\r\n<p> \r\n    <input type=\"submit\" class=\"sib-default-btn\" name=\"submit\" value=\"Send\"> \r\n<\/p>\r\n<div id=\"sib_captcha\" class=\"g-recaptcha\" data-sitekey=\"6Lf_Zs0fAAAAACxJgDoK3nTvdV-80tRWh9ADSNCZ\"><\/div>\t\t\t\t<\/div>\n\t\t\t<input type=\"hidden\" name=\"trp-form-language\" value=\"en\"\/><\/form>\n\t\t\t<style>\n\t\t\t\tform#sib_signup_form_4 p.sib-alert-message {\n    padding: 6px 12px;\n    margin-bottom: 20px;\n    border: 1px solid transparent;\n    border-radius: 4px;\n    -webkit-box-sizing: border-box;\n    -moz-box-sizing: border-box;\n    box-sizing: border-box;\n}\nform#sib_signup_form_4 p.sib-alert-message-error {\n    background-color: #f2dede;\n    border-color: #ebccd1;\n    color: #a94442;\n}\nform#sib_signup_form_4 p.sib-alert-message-success {\n    background-color: #dff0d8;\n    border-color: #d6e9c6;\n    color: #3c763d;\n}\nform#sib_signup_form_4 p.sib-alert-message-warning {\n    background-color: #fcf8e3;\n    border-color: #faebcc;\n    color: #8a6d3b;\n}\n\t\t\t<\/style>\n\t\t\t\n\n\n\n<div style=\"height:20px\" aria-hidden=\"true\" class=\"wp-block-spacer\"><\/div>\n\n\n\n<p>Explore the <a href=\"https:\/\/onyx.com.uy\/en\/preguntas-frecuentes\/\" data-type=\"page\" data-id=\"1552\">FAQ<\/a> to see if your question has already been answered there. <\/p>","protected":false},"excerpt":{"rendered":"<p>Si ten\u00e9s dudas sobre tu pedido, productos o la web, dej\u00e1 tu mensaje a continuaci\u00f3n y te responder\u00e9 a la brevedad. Explor\u00e1 la secci\u00f3n de Preguntas Frecuentes para ver si tu consulta ya est\u00e1 resuelta all\u00ed.<\/p>","protected":false},"author":1,"featured_media":0,"parent":0,"menu_order":2,"comment_status":"closed","ping_status":"closed","template":"template-fullwidth.php","meta":{"advgb_blocks_editor_width":"","advgb_blocks_columns_visual_guide":"","footnotes":""},"class_list":["post-108","page","type-page","status-publish","hentry"],"coauthors":[],"author_meta":{"author_link":"https:\/\/onyx.com.uy\/en\/author\/b004bd566f70ae54333057bd2d9e9257\/","display_name":"victoria"},"relative_dates":{"created":"Posted 7 years ago","modified":"Updated 1 year ago"},"absolute_dates":{"created":"Posted on 06\/08\/2019","modified":"Updated on 20\/11\/2024"},"absolute_dates_time":{"created":"Posted on 06\/08\/2019 19:54","modified":"Updated on 20\/11\/2024 21:24"},"featured_img_caption":"","featured_img":false,"series_order":"","_links":{"self":[{"href":"https:\/\/onyx.com.uy\/en\/wp-json\/wp\/v2\/pages\/108","targetHints":{"allow":["GET"]}}],"collection":[{"href":"https:\/\/onyx.com.uy\/en\/wp-json\/wp\/v2\/pages"}],"about":[{"href":"https:\/\/onyx.com.uy\/en\/wp-json\/wp\/v2\/types\/page"}],"author":[{"embeddable":true,"href":"https:\/\/onyx.com.uy\/en\/wp-json\/wp\/v2\/users\/1"}],"replies":[{"embeddable":true,"href":"https:\/\/onyx.com.uy\/en\/wp-json\/wp\/v2\/comments?post=108"}],"version-history":[{"count":36,"href":"https:\/\/onyx.com.uy\/en\/wp-json\/wp\/v2\/pages\/108\/revisions"}],"predecessor-version":[{"id":4303,"href":"https:\/\/onyx.com.uy\/en\/wp-json\/wp\/v2\/pages\/108\/revisions\/4303"}],"wp:attachment":[{"href":"https:\/\/onyx.com.uy\/en\/wp-json\/wp\/v2\/media?parent=108"}],"curies":[{"name":"wp","href":"https:\/\/api.w.org\/{rel}","templated":true}]}}