{"id":114,"date":"2019-08-06T20:46:32","date_gmt":"2019-08-06T23:46:32","guid":{"rendered":"http:\/\/localhost\/wordpress\/?page_id=114"},"modified":"2024-11-19T19:11:47","modified_gmt":"2024-11-19T22:11:47","slug":"sobre-onyx-fashion-brand","status":"publish","type":"page","link":"https:\/\/onyx.com.uy\/en\/sobre-onyx-fashion-brand\/","title":{"rendered":"About ONYX"},"content":{"rendered":"<h2 class=\"wp-block-heading\">ONYX Fashion &amp; Lifestyle Brand<\/h2>\n\n\n\n<div style=\"height:20px\" aria-hidden=\"true\" class=\"wp-block-spacer\"><\/div>\n\n\n\n<p class=\"has-text-align-justify\">ONYX is a fashion and lifestyle brand founded in Montevideo, Uruguay, born from a deep passion for design and a dedication to creating something truly unique and authentic.<\/p>\n\n\n\n<p class=\"has-text-align-justify\">After studying Industrial Textile Design for four years in Montevideo, I realized that my learning style was more self-directed, and I wanted to do things my own way. So, in 2018, ONYX was born, with the vision of designing pieces that not only look good but also hold meaning.<\/p>\n\n\n\n<p>Every garment, accessory, and piece I create has a purpose: to be an extension of your personality, a way to tell your story, and something you can wear time and time again without losing its charm. It\u2019s not just about how it looks, but about its essence.<\/p>\n\n\n\n<p>If you're here, thank you for being part of ONYX.<\/p>\n\n\n\n<p>xo,<\/p>\n\n\n\n<p>Victoria<\/p>\n\n\n\n<figure class=\"wp-block-gallery aligncenter has-nested-images columns-default is-cropped wp-block-gallery-1 is-layout-flex wp-block-gallery-is-layout-flex\">\n<figure class=\"wp-block-image size-large\"><img loading=\"lazy\" decoding=\"async\" width=\"864\" height=\"1080\" data-id=\"4044\" src=\"https:\/\/onyx.com.uy\/wp-content\/uploads\/2024\/11\/onyx.jpg\" alt=\"ONYX Fashion &amp; Lifestyle Brand based in Uruguay\" class=\"wp-image-4044\" srcset=\"https:\/\/onyx.com.uy\/wp-content\/uploads\/2024\/11\/onyx.jpg 864w, https:\/\/onyx.com.uy\/wp-content\/uploads\/2024\/11\/onyx-432x540.jpg 432w, https:\/\/onyx.com.uy\/wp-content\/uploads\/2024\/11\/onyx-86x108.jpg 86w, https:\/\/onyx.com.uy\/wp-content\/uploads\/2024\/11\/onyx-768x960.jpg 768w, https:\/\/onyx.com.uy\/wp-content\/uploads\/2024\/11\/onyx-10x12.jpg 10w, https:\/\/onyx.com.uy\/wp-content\/uploads\/2024\/11\/onyx-72x90.jpg 72w, https:\/\/onyx.com.uy\/wp-content\/uploads\/2024\/11\/onyx-288x360.jpg 288w\" sizes=\"auto, (max-width: 864px) 100vw, 864px\" \/><\/figure>\n\n\n\n<figure class=\"wp-block-image size-large\"><img loading=\"lazy\" decoding=\"async\" width=\"691\" height=\"864\" data-id=\"3596\" src=\"https:\/\/onyx.com.uy\/wp-content\/uploads\/2023\/06\/slowfashionbrand-sewing.jpg\" alt=\"\" class=\"wp-image-3596\" srcset=\"https:\/\/onyx.com.uy\/wp-content\/uploads\/2023\/06\/slowfashionbrand-sewing.jpg 691w, https:\/\/onyx.com.uy\/wp-content\/uploads\/2023\/06\/slowfashionbrand-sewing-432x540.jpg 432w, https:\/\/onyx.com.uy\/wp-content\/uploads\/2023\/06\/slowfashionbrand-sewing-86x108.jpg 86w, https:\/\/onyx.com.uy\/wp-content\/uploads\/2023\/06\/slowfashionbrand-sewing-10x12.jpg 10w, https:\/\/onyx.com.uy\/wp-content\/uploads\/2023\/06\/slowfashionbrand-sewing-288x360.jpg 288w\" sizes=\"auto, (max-width: 691px) 100vw, 691px\" \/><\/figure>\n\n\n\n<figure class=\"wp-block-image size-large\"><a href=\"\/en\/www.instagram.com\/onyx.uy\/\" target=\"_blank\" rel=\"sobreox\"><img loading=\"lazy\" decoding=\"async\" width=\"864\" height=\"1080\" data-id=\"4294\" src=\"https:\/\/onyx.com.uy\/wp-content\/uploads\/2024\/11\/etiquetas-onyx-1.jpg\" alt=\"\" class=\"wp-image-4294\" srcset=\"https:\/\/onyx.com.uy\/wp-content\/uploads\/2024\/11\/etiquetas-onyx-1.jpg 864w, https:\/\/onyx.com.uy\/wp-content\/uploads\/2024\/11\/etiquetas-onyx-1-432x540.jpg 432w, https:\/\/onyx.com.uy\/wp-content\/uploads\/2024\/11\/etiquetas-onyx-1-86x108.jpg 86w, https:\/\/onyx.com.uy\/wp-content\/uploads\/2024\/11\/etiquetas-onyx-1-768x960.jpg 768w, https:\/\/onyx.com.uy\/wp-content\/uploads\/2024\/11\/etiquetas-onyx-1-10x12.jpg 10w, https:\/\/onyx.com.uy\/wp-content\/uploads\/2024\/11\/etiquetas-onyx-1-72x90.jpg 72w, https:\/\/onyx.com.uy\/wp-content\/uploads\/2024\/11\/etiquetas-onyx-1-288x360.jpg 288w\" sizes=\"auto, (max-width: 864px) 100vw, 864px\" \/><\/a><\/figure>\n\n\n\n<figure class=\"wp-block-image size-large\"><img loading=\"lazy\" decoding=\"async\" width=\"864\" height=\"1080\" data-id=\"4295\" src=\"https:\/\/onyx.com.uy\/wp-content\/uploads\/2024\/11\/sewing-onyx.jpg\" alt=\"\" class=\"wp-image-4295\" srcset=\"https:\/\/onyx.com.uy\/wp-content\/uploads\/2024\/11\/sewing-onyx.jpg 864w, https:\/\/onyx.com.uy\/wp-content\/uploads\/2024\/11\/sewing-onyx-432x540.jpg 432w, https:\/\/onyx.com.uy\/wp-content\/uploads\/2024\/11\/sewing-onyx-86x108.jpg 86w, https:\/\/onyx.com.uy\/wp-content\/uploads\/2024\/11\/sewing-onyx-768x960.jpg 768w, https:\/\/onyx.com.uy\/wp-content\/uploads\/2024\/11\/sewing-onyx-10x12.jpg 10w, https:\/\/onyx.com.uy\/wp-content\/uploads\/2024\/11\/sewing-onyx-72x90.jpg 72w, https:\/\/onyx.com.uy\/wp-content\/uploads\/2024\/11\/sewing-onyx-288x360.jpg 288w\" sizes=\"auto, (max-width: 864px) 100vw, 864px\" \/><\/figure>\n\n\n\n<figure class=\"wp-block-image size-large\"><img loading=\"lazy\" decoding=\"async\" width=\"1000\" height=\"1000\" data-id=\"2267\" src=\"https:\/\/onyx.com.uy\/wp-content\/uploads\/2021\/04\/DSC_3440.jpg\" alt=\"Victoria founder of onyx slow fashion brand\" class=\"wp-image-2267\" srcset=\"https:\/\/onyx.com.uy\/wp-content\/uploads\/2021\/04\/DSC_3440.jpg 1000w, https:\/\/onyx.com.uy\/wp-content\/uploads\/2021\/04\/DSC_3440-300x300.jpg 300w, https:\/\/onyx.com.uy\/wp-content\/uploads\/2021\/04\/DSC_3440-150x150.jpg 150w, https:\/\/onyx.com.uy\/wp-content\/uploads\/2021\/04\/DSC_3440-768x768.jpg 768w, https:\/\/onyx.com.uy\/wp-content\/uploads\/2021\/04\/DSC_3440-450x450.jpg 450w, https:\/\/onyx.com.uy\/wp-content\/uploads\/2021\/04\/DSC_3440-650x650.jpg 650w, https:\/\/onyx.com.uy\/wp-content\/uploads\/2021\/04\/DSC_3440-68x68.jpg 68w\" sizes=\"auto, (max-width: 1000px) 100vw, 1000px\" \/><\/figure>\n<\/figure>\n\n\n\n<div style=\"height:25px\" aria-hidden=\"true\" class=\"wp-block-spacer\"><\/div>\n\n\n\n<p class=\"has-text-align-left\">If you have any questions, feel free to reach out to me at\u00a0<a>hola@onyx.com.uy<\/a>\u00a0or go to the\u00a0<a href=\"https:\/\/onyx.com.uy\/en\/contacto\/\">Contact\u00a0<\/a>for more information.<\/p>\n\n\n\n<p><\/p>","protected":false},"excerpt":{"rendered":"<p>ONYX Fashion &amp; Lifestyle Brand ONYX es una fashion &amp; lifestyle brand fundada en Montevideo, Uruguay, que refleja la pasi\u00f3n por el dise\u00f1o y la obsesi\u00f3n por crear algo \u00fanico y aut\u00e9ntico. Despu\u00e9s de estudiar Dise\u00f1o Industrial Textil por cuatro a\u00f1os en Montevideo, me di cuenta de que mi modo de aprendizaje era m\u00e1s autodidacta [&hellip;]<\/p>\n","protected":false},"author":1,"featured_media":4044,"parent":0,"menu_order":1,"comment_status":"closed","ping_status":"closed","template":"template-fullwidth.php","meta":{"advgb_blocks_editor_width":"","advgb_blocks_columns_visual_guide":"","footnotes":""},"class_list":["post-114","page","type-page","status-publish","has-post-thumbnail","hentry"],"coauthors":[],"author_meta":{"author_link":"https:\/\/onyx.com.uy\/en\/author\/b004bd566f70ae54333057bd2d9e9257\/","display_name":"victoria"},"relative_dates":{"created":"Posted 7 years ago","modified":"Updated 1 year ago"},"absolute_dates":{"created":"Posted on 06\/08\/2019","modified":"Updated on 19\/11\/2024"},"absolute_dates_time":{"created":"Posted on 06\/08\/2019 20:46","modified":"Updated on 19\/11\/2024 19:11"},"featured_img_caption":"","featured_img":"https:\/\/onyx.com.uy\/wp-content\/uploads\/2024\/11\/onyx.jpg","series_order":"","_links":{"self":[{"href":"https:\/\/onyx.com.uy\/en\/wp-json\/wp\/v2\/pages\/114","targetHints":{"allow":["GET"]}}],"collection":[{"href":"https:\/\/onyx.com.uy\/en\/wp-json\/wp\/v2\/pages"}],"about":[{"href":"https:\/\/onyx.com.uy\/en\/wp-json\/wp\/v2\/types\/page"}],"author":[{"embeddable":true,"href":"https:\/\/onyx.com.uy\/en\/wp-json\/wp\/v2\/users\/1"}],"replies":[{"embeddable":true,"href":"https:\/\/onyx.com.uy\/en\/wp-json\/wp\/v2\/comments?post=114"}],"version-history":[{"count":62,"href":"https:\/\/onyx.com.uy\/en\/wp-json\/wp\/v2\/pages\/114\/revisions"}],"predecessor-version":[{"id":4299,"href":"https:\/\/onyx.com.uy\/en\/wp-json\/wp\/v2\/pages\/114\/revisions\/4299"}],"wp:featuredmedia":[{"embeddable":true,"href":"https:\/\/onyx.com.uy\/en\/wp-json\/wp\/v2\/media\/4044"}],"wp:attachment":[{"href":"https:\/\/onyx.com.uy\/en\/wp-json\/wp\/v2\/media?parent=114"}],"curies":[{"name":"wp","href":"https:\/\/api.w.org\/{rel}","templated":true}]}}