{"id":1552,"date":"2020-09-03T15:19:47","date_gmt":"2020-09-03T18:19:47","guid":{"rendered":"https:\/\/onyx.com.uy\/?page_id=1552"},"modified":"2024-11-18T20:42:40","modified_gmt":"2024-11-18T23:42:40","slug":"preguntas-frecuentes","status":"publish","type":"page","link":"https:\/\/onyx.com.uy\/en\/preguntas-frecuentes\/","title":{"rendered":"FAQ"},"content":{"rendered":"<div style=\"height:25px\" aria-hidden=\"true\" class=\"wp-block-spacer\"><\/div>\n\n\n\n<p class=\"has-text-align-center\"><\/p>\n\n\n\n<div style=\"height:20px\" aria-hidden=\"true\" class=\"wp-block-spacer\"><\/div>\n\n\n\n<div class=\"wp-block-advgb-accordions advgb-accordions-2e79242c-59fe-4ac8-8415-28d24d7e2008 advgb-accordion-wrapper\">\n<div class=\"wp-block-advgb-accordion-item advgb-accordion-item\" style=\"margin-bottom:20px\"><div class=\"advgb-accordion-header\" style=\"background-color:#ffffff;color:#000000;border-style:solid;border-width:0px;border-radius:2px\"><span class=\"advgb-accordion-header-icon\"><svg fill=\"#000000\" xmlns=\"http:\/\/www.w3.org\/2000\/svg\" width=\"24\" height=\"24\" viewbox=\"0 0 24 24\"><path opacity=\"0.87\" fill=\"none\" d=\"M24,24H0L0,0l24,0V24z\"><\/path><path d=\"M16.59,8.59L12,13.17L7.41,8.59L6,10l6,6l6-6L16.59,8.59z\"><\/path><\/svg><\/span><h3 class=\"advgb-accordion-header-title\" style=\"color:inherit\">Who is behind the brand?<\/h3><\/div><div class=\"advgb-accordion-body\" style=\"border-style:solid !important;border-width:0px !important;border-color:undefined !important;border-top:none !important;border-radius:2px !important\">\n<p class=\"has-text-align-left\">After studying Textile Design at the University of Architecture, Design, and Urbanism, I decided to bring ONYX to life\u2014a brand that embodies my passion for design in all its forms.<\/p>\n\n\n\n<p>Today, I oversee every detail of ONYX: from designing and crafting each garment to managing the online store, marketing, social media, and customer service. Every piece and every interaction is crafted with dedication and passion.<\/p>\n\n\n\n<p class=\"has-text-align-left\">To learn more about the inspiration and values behind the brand, you can visit the<a href=\"https:\/\/onyx.com.uy\/en\/sobre-onyx-fashion-brand\/\" data-type=\"page\" data-id=\"114\">About ONYX<\/a>\u00bb page. Follow the brand on <a href=\"http:\/\/www.instagram.com\/onyx.uy\" target=\"_blank\" rel=\"noopener\">Instagram<\/a>! \ud83d\udc8c<\/p>\n<\/div><\/div>\n\n\n\n<div class=\"wp-block-advgb-accordion-item advgb-accordion-item\" style=\"margin-bottom:20px\"><div class=\"advgb-accordion-header\" style=\"background-color:#ffffff;color:#000000;border-style:solid;border-width:0px;border-radius:2px\"><span class=\"advgb-accordion-header-icon\"><svg fill=\"#000000\" xmlns=\"http:\/\/www.w3.org\/2000\/svg\" width=\"24\" height=\"24\" viewbox=\"0 0 24 24\"><path opacity=\"0.87\" fill=\"none\" d=\"M24,24H0L0,0l24,0V24z\"><\/path><path d=\"M16.59,8.59L12,13.17L7.41,8.59L6,10l6,6l6-6L16.59,8.59z\"><\/path><\/svg><\/span><h3 class=\"advgb-accordion-header-title\" style=\"color:inherit\">Where and How the products are made?<\/h3><\/div><div class=\"advgb-accordion-body\" style=\"border-style:solid !important;border-width:0px !important;border-color:undefined !important;border-top:none !important;border-radius:2px !important\">\n<p>Each ONYX piece is designed and handcrafted by me in Montevideo, Uruguay, with meticulous attention to detail to ensure quality and originality in every creation.<\/p>\n<\/div><\/div>\n\n\n\n<div class=\"wp-block-advgb-accordion-item advgb-accordion-item\" style=\"margin-bottom:20px\"><div class=\"advgb-accordion-header\" style=\"background-color:#ffffff;color:#000000;border-style:solid;border-width:0px;border-radius:2px\"><span class=\"advgb-accordion-header-icon\"><svg fill=\"#000000\" xmlns=\"http:\/\/www.w3.org\/2000\/svg\" width=\"24\" height=\"24\" viewbox=\"0 0 24 24\"><path opacity=\"0.87\" fill=\"none\" d=\"M24,24H0L0,0l24,0V24z\"><\/path><path d=\"M16.59,8.59L12,13.17L7.41,8.59L6,10l6,6l6-6L16.59,8.59z\"><\/path><\/svg><\/span><h4 class=\"advgb-accordion-header-title\" style=\"color:inherit\">What payment methods do you accept?<\/h4><\/div><div class=\"advgb-accordion-body\" style=\"border-style:solid !important;border-width:0px !important;border-color:undefined !important;border-top:none !important;border-radius:2px !important\">\n<p>URUGUAY: Bank transfer, Mercado Pago, Abitab, Red Pagos.<br>INTERNATIONAL: Paypal payments only.<\/p>\n<\/div><\/div>\n\n\n\n<div class=\"wp-block-advgb-accordion-item advgb-accordion-item\" style=\"margin-bottom:20px\"><div class=\"advgb-accordion-header\" style=\"background-color:#ffffff;color:#000000;border-style:solid;border-width:0px;border-radius:2px\"><span class=\"advgb-accordion-header-icon\"><svg fill=\"#000000\" xmlns=\"http:\/\/www.w3.org\/2000\/svg\" width=\"24\" height=\"24\" viewbox=\"0 0 24 24\"><path opacity=\"0.87\" fill=\"none\" d=\"M24,24H0L0,0l24,0V24z\"><\/path><path d=\"M16.59,8.59L12,13.17L7.41,8.59L6,10l6,6l6-6L16.59,8.59z\"><\/path><\/svg><\/span><h4 class=\"advgb-accordion-header-title\" style=\"color:inherit\">Can I make a return?<\/h4><\/div><div class=\"advgb-accordion-body\" style=\"border-style:solid !important;border-width:0px !important;border-color:undefined !important;border-top:none !important;border-radius:2px !important\">\n<p>Please, visit the <a href=\"https:\/\/onyx.com.uy\/en\/envios-devoluciones\/\" data-type=\"page\" data-id=\"2341\">Shipping &amp; Returns<\/a> page for more information.<\/p>\n<\/div><\/div>\n\n\n\n<div class=\"wp-block-advgb-accordion-item advgb-accordion-item\" style=\"margin-bottom:20px\"><div class=\"advgb-accordion-header\" style=\"background-color:#ffffff;color:#000000;border-style:solid;border-width:0px;border-radius:2px\"><span class=\"advgb-accordion-header-icon\"><svg fill=\"#000000\" xmlns=\"http:\/\/www.w3.org\/2000\/svg\" width=\"24\" height=\"24\" viewbox=\"0 0 24 24\"><path opacity=\"0.87\" fill=\"none\" d=\"M24,24H0L0,0l24,0V24z\"><\/path><path d=\"M16.59,8.59L12,13.17L7.41,8.59L6,10l6,6l6-6L16.59,8.59z\"><\/path><\/svg><\/span><h4 class=\"advgb-accordion-header-title\" style=\"color:inherit\">Do You Ship?<\/h4><\/div><div class=\"advgb-accordion-body\" style=\"border-style:solid !important;border-width:0px !important;border-color:undefined !important;border-top:none !important;border-radius:2px !important\">\n<p>Yes, we ship throughout Uruguay and worldwide. Please visit the <a href=\"https:\/\/onyx.com.uy\/en\/envios-devoluciones\/\" data-type=\"page\" data-id=\"2341\">Shipping &amp; Returns<\/a> page for more information.<\/p>\n<\/div><\/div>\n<\/div>\n\n\n\n<div style=\"height:25px\" aria-hidden=\"true\" class=\"wp-block-spacer\"><\/div>\n\n\n\n<p>If you have any questions, feel free to reach out to me at <a>hola@onyx.com.uy<\/a> or go to the <a href=\"https:\/\/onyx.com.uy\/en\/contacto\/\" data-type=\"page\" data-id=\"108\">Contact <\/a>for more information \ud83d\udce9<\/p>\n\n\n\n<p><\/p>","protected":false},"excerpt":{"rendered":"<p>Si ten\u00e9s alguna otra consulta, no dudes en escribirme a hola@onyx.com.uy o ingres\u00e1 a la p\u00e1gina de Contacto para m\u00e1s informaci\u00f3n. \ud83d\udce9<\/p>","protected":false},"author":1,"featured_media":0,"parent":0,"menu_order":0,"comment_status":"closed","ping_status":"closed","template":"template-fullwidth.php","meta":{"advgb_blocks_editor_width":"","advgb_blocks_columns_visual_guide":"","footnotes":""},"class_list":["post-1552","page","type-page","status-publish","hentry"],"coauthors":[],"author_meta":{"author_link":"https:\/\/onyx.com.uy\/en\/author\/b004bd566f70ae54333057bd2d9e9257\/","display_name":"victoria"},"relative_dates":{"created":"Posted 6 years ago","modified":"Updated 1 year ago"},"absolute_dates":{"created":"Posted on 03\/09\/2020","modified":"Updated on 18\/11\/2024"},"absolute_dates_time":{"created":"Posted on 03\/09\/2020 15:19","modified":"Updated on 18\/11\/2024 20:42"},"featured_img_caption":"","featured_img":false,"series_order":"","_links":{"self":[{"href":"https:\/\/onyx.com.uy\/en\/wp-json\/wp\/v2\/pages\/1552","targetHints":{"allow":["GET"]}}],"collection":[{"href":"https:\/\/onyx.com.uy\/en\/wp-json\/wp\/v2\/pages"}],"about":[{"href":"https:\/\/onyx.com.uy\/en\/wp-json\/wp\/v2\/types\/page"}],"author":[{"embeddable":true,"href":"https:\/\/onyx.com.uy\/en\/wp-json\/wp\/v2\/users\/1"}],"replies":[{"embeddable":true,"href":"https:\/\/onyx.com.uy\/en\/wp-json\/wp\/v2\/comments?post=1552"}],"version-history":[{"count":22,"href":"https:\/\/onyx.com.uy\/en\/wp-json\/wp\/v2\/pages\/1552\/revisions"}],"predecessor-version":[{"id":4276,"href":"https:\/\/onyx.com.uy\/en\/wp-json\/wp\/v2\/pages\/1552\/revisions\/4276"}],"wp:attachment":[{"href":"https:\/\/onyx.com.uy\/en\/wp-json\/wp\/v2\/media?parent=1552"}],"curies":[{"name":"wp","href":"https:\/\/api.w.org\/{rel}","templated":true}]}}