{"id":2341,"date":"2021-05-13T00:10:25","date_gmt":"2021-05-13T03:10:25","guid":{"rendered":"https:\/\/onyx.com.uy\/?page_id=2341"},"modified":"2024-11-19T18:11:42","modified_gmt":"2024-11-19T21:11:42","slug":"envios-devoluciones","status":"publish","type":"page","link":"https:\/\/onyx.com.uy\/en\/envios-devoluciones\/","title":{"rendered":"Shipping &amp; Returns"},"content":{"rendered":"<h2 class=\"wp-block-heading has-text-align-left\">Shipping<\/h2>\n\n\n\n<div style=\"height:25px\" aria-hidden=\"true\" class=\"wp-block-spacer\"><\/div>\n\n\n\n<h3 class=\"wp-block-heading\">Shipping within Uruguay \ud83c\uddfa\ud83c\uddfe<\/h3>\n\n\n\n<p><strong>Montevideo<\/strong><\/p>\n\n\n\n<p>Shipping within 2 to 3 business days after payment confirmation.<\/p>\n\n\n\n<p>Cost: $240 | <strong>FREE<\/strong> on purchases over $2500.<\/p>\n\n\n\n<p><strong>Shipping to the Rest of Uruguay<\/strong><\/p>\n\n\n\n<p>Shipping within 2 to 5 business days after payment confirmation.<\/p>\n\n\n\n<p>Cost: $240 | <strong>FREE<\/strong> on purchases over $2500.<\/p>\n\n\n\n<p><strong>Pick Up in Cord\u00f3n<\/strong><\/p>\n\n\n\n<p>Pick up within 24 to 48 hours after payment. We\u2019ll notify you when your order is ready.<\/p>\n\n\n\n<div style=\"height:25px\" aria-hidden=\"true\" class=\"wp-block-spacer\"><\/div>\n\n\n\n<h3 class=\"wp-block-heading\">Env\u00edos Internacionales \ud83c\udf0d<\/h3>\n\n\n\n<p>Shipping is completed within <strong>5 to 15 business days<\/strong>, depending on the destination.<\/p>\n\n\n\n<p>Cost: Between <strong>U$S 34 &#8211; U$S 43<\/strong>, depending on the country. The exact amount will be shown at checkout.<\/p>\n\n\n\n<p><em>Important<\/em>: ONYX is not responsible for legal requirements, customs fees, or additional charges in your country. The customer is responsible for any necessary procedures or payments upon receiving the package.<\/p>\n\n\n\n<div style=\"height:25px\" aria-hidden=\"true\" class=\"wp-block-spacer\"><\/div>\n\n\n\n<h2 class=\"wp-block-heading has-text-align-left\">Returns and Exchanges<\/h2>\n\n\n\n<div style=\"height:25px\" aria-hidden=\"true\" class=\"wp-block-spacer\"><\/div>\n\n\n\n<p>I hope you love your ONYX pieces, but if you need to make a return, here\u2019s how:<\/p>\n\n\n\n<p><strong>Applicable only to clothing items (excluding Sale products)<\/strong>.<\/p>\n\n\n\n<p>Returns must be made within <strong>3 days of receiving your order.<\/strong>.<\/p>\n\n\n\n<p>The product must be <strong>unused, unwashed, and in perfect condition<\/strong>, just as you received it.<\/p>\n\n\n\n<p><strong>How to request a return?<\/strong><br>Send an email to <strong><a>hola@onyx.com.uy<\/a><\/strong> with the subject <strong>\"Return Request + Order Number.\"<\/strong>Once approved, you'll be instructed to send the product to the address provided in the email. You\u2019ll receive a <strong>Gift Card<\/strong> for the same amount paid, which you can use for future purchases.<\/p>\n\n\n\n<p><strong>Important<\/strong>:<\/p>\n\n\n\n<p><strong>No cash refunds are provided;<\/strong>only store credit for the original amount.<\/p>\n\n\n\n<p><strong>Sale items<\/strong> are not eligible for returns.<\/p>\n\n\n\n<p><strong>Customized products<\/strong> are non-returnable.<\/p>\n\n\n\n<p>Thank you for your understanding \ud83d\ude42<\/p>\n\n\n\n<div style=\"height:25px\" aria-hidden=\"true\" class=\"wp-block-spacer\"><\/div>\n\n\n\n<p>If you have any questions, feel free to reach out to me at&nbsp;<a>hola@onyx.com.uy<\/a>&nbsp;or go to the&nbsp;<a href=\"https:\/\/onyx.com.uy\/en\/contacto\/\">Contact&nbsp;<\/a>para m\u00e1s informaci\u00f3n.&nbsp; \ud83d\udce9<\/p>","protected":false},"excerpt":{"rendered":"<p>Env\u00edos Env\u00edos Uruguay \ud83c\uddfa\ud83c\uddfe Montevideo Env\u00edo en 2 a 3 d\u00edas h\u00e1biles luego de confirmado el pago. Costo: $240 | GRATIS en compras superiores a $2500. Interior del pa\u00eds Env\u00edo en 2 a 5 d\u00edas h\u00e1biles luego de confirmado el pago. Costo: $240 | GRATIS en compras superiores a $2500. Pick Up en Cord\u00f3n Retiro [&hellip;]<\/p>\n","protected":false},"author":1,"featured_media":0,"parent":0,"menu_order":0,"comment_status":"closed","ping_status":"closed","template":"template-fullwidth.php","meta":{"advgb_blocks_editor_width":"","advgb_blocks_columns_visual_guide":"","footnotes":""},"class_list":["post-2341","page","type-page","status-publish","hentry"],"coauthors":[],"author_meta":{"author_link":"https:\/\/onyx.com.uy\/en\/author\/b004bd566f70ae54333057bd2d9e9257\/","display_name":"victoria"},"relative_dates":{"created":"Posted 5 years ago","modified":"Updated 1 year ago"},"absolute_dates":{"created":"Posted on 13\/05\/2021","modified":"Updated on 19\/11\/2024"},"absolute_dates_time":{"created":"Posted on 13\/05\/2021 00:10","modified":"Updated on 19\/11\/2024 18:11"},"featured_img_caption":"","featured_img":false,"series_order":"","_links":{"self":[{"href":"https:\/\/onyx.com.uy\/en\/wp-json\/wp\/v2\/pages\/2341","targetHints":{"allow":["GET"]}}],"collection":[{"href":"https:\/\/onyx.com.uy\/en\/wp-json\/wp\/v2\/pages"}],"about":[{"href":"https:\/\/onyx.com.uy\/en\/wp-json\/wp\/v2\/types\/page"}],"author":[{"embeddable":true,"href":"https:\/\/onyx.com.uy\/en\/wp-json\/wp\/v2\/users\/1"}],"replies":[{"embeddable":true,"href":"https:\/\/onyx.com.uy\/en\/wp-json\/wp\/v2\/comments?post=2341"}],"version-history":[{"count":14,"href":"https:\/\/onyx.com.uy\/en\/wp-json\/wp\/v2\/pages\/2341\/revisions"}],"predecessor-version":[{"id":4289,"href":"https:\/\/onyx.com.uy\/en\/wp-json\/wp\/v2\/pages\/2341\/revisions\/4289"}],"wp:attachment":[{"href":"https:\/\/onyx.com.uy\/en\/wp-json\/wp\/v2\/media?parent=2341"}],"curies":[{"name":"wp","href":"https:\/\/api.w.org\/{rel}","templated":true}]}}