{"id":3930,"date":"2024-05-08T20:34:58","date_gmt":"2024-05-08T23:34:58","guid":{"rendered":"https:\/\/onyx.com.uy\/?post_type=product&#038;p=3930"},"modified":"2025-02-06T20:56:24","modified_gmt":"2025-02-06T23:56:24","slug":"funda-laptop-crochet-teal-mix","status":"publish","type":"product","link":"https:\/\/onyx.com.uy\/en\/funda-laptop-crochet-teal-mix\/","title":{"rendered":"Teak mix crochet laptop case"},"content":{"rendered":"<h3>Teak mix crochet laptop case<\/h3>\n<p><b>Tu laptop hace much\u00edsimo por vos, todos los d\u00edas<\/b>. \u00bfNo merece un lugar lindo y cozy para estar?<\/p>\n<p>Disfrut\u00e1 de una funda para laptop diferente, con toda la onda y para llevar a todos lados.<\/p>\n<p>Your laptop does so much for you. Doesn\u2019t it deserve a cozy place to live? Our puffy laptop sleeve is quilted and stuffed to provide most 14&#8243; laptops and tablets with just enough padding for comfortable rides.<\/p>\n<h4>Dale alegr\u00eda a tu trabajo.<\/h4>\n<p><strong>El toque de color perfecto para alegrarte el d\u00eda en el trabajo o facultad. <\/strong>Disfrut\u00e1 de las tonalidades azules que combinan perfectamente con tu laptop.<\/p>\n<h4>Protecci\u00f3n asegurada.<\/h4>\n<p>La funda para laptop est\u00e1<strong> realizada totalmente a mano con la t\u00e9cnica de crochet para crear una amortiguaci\u00f3n perfecta para proteger tu laptop y llevarla a donde quieras.<\/strong><\/p>\n<h4>Useful information.<\/h4>\n<details>\n<summary><strong>Materials + Care<\/strong><\/summary>\n<p>- Cotton<br \/>\n\u2013 Dry clean, do not use washing machine.<br \/>\n\u2013 Dry in the shade on a flat surface.<\/p>\n<\/details>\n<details>\n<summary><strong>Details<\/strong><\/summary>\n<p>\u2013 Length: 21cm | Width: 3cm | Height: 13cm<br \/>\n\u2013 Color: Mix azul teal &amp; celeste.<br \/>\n\u2013 Made in Montevideo, Uruguay.<\/p>\n<\/details>\n<div class=\"collapsible-list\">\n<details>\n<summary><strong>Recommended uses<\/strong><\/summary>\n<p>\u2013 Para llevar tu laptop al trabajo y que tus compa\u00f1eras te pregunten de d\u00f3nde es tu funda&#8230;<br \/>\n\u2013 Para alegrar tus largos d\u00edas de facultad con informes interminables.<\/p>\n<\/details>\n<\/div>\n<hr \/>\n<p>Look at all the products in the section <a href=\"https:\/\/onyx.com.uy\/en\/accesorios\/\">Accessories<\/a><\/p>\n<p>Keep in touch \ud83d\udc8c <a href=\"https:\/\/www.instagram.com\/onyx.uy\/\" target=\"_blank\" rel=\"noopener\">Instagram<\/a> | <a href=\"https:\/\/www.facebook.com\/onyx.uy\/\" target=\"_blank\" rel=\"noopener\">Facebook<\/a> | <a href=\"https:\/\/www.youtube.com\/@onyxuy\" target=\"_blank\" rel=\"noopener\">Youtube<\/a> | <a href=\"https:\/\/www.pinterest.com\/onyx_uy\/\" target=\"_blank\" rel=\"noopener\">Pinterest\u00a0<\/a><\/p>","protected":false},"excerpt":{"rendered":"<p>Tu laptop hace much\u00edsimo por vos, todos los d\u00edas. \u00bfNo merece un lugar lindo y c\u00f3modo para estar?<\/p>","protected":false},"author":1,"featured_media":3972,"comment_status":"open","ping_status":"closed","template":"","meta":{"advgb_blocks_editor_width":"","advgb_blocks_columns_visual_guide":""},"product_brand":[],"product_cat":[23,145],"product_tag":[30,139,140],"class_list":{"0":"post-3930","1":"product","2":"type-product","3":"status-publish","4":"has-post-thumbnail","6":"product_cat-accesorios","7":"product_cat-otros-accesorios","8":"product_tag-accesorios","9":"product_tag-crochet","10":"product_tag-funda-laptop","12":"first","13":"instock","14":"purchasable","15":"product-type-simple"},"featured_img":"https:\/\/onyx.com.uy\/wp-content\/uploads\/2024\/05\/ambiente.jpg","coauthors":[],"author_meta":{"author_link":"https:\/\/onyx.com.uy\/en\/author\/b004bd566f70ae54333057bd2d9e9257\/","display_name":"victoria"},"relative_dates":{"created":"Posted 2 years ago","modified":"Updated 1 year ago"},"absolute_dates":{"created":"Posted on 08\/05\/2024","modified":"Updated on 06\/02\/2025"},"absolute_dates_time":{"created":"Posted on 08\/05\/2024 20:34","modified":"Updated on 06\/02\/2025 20:56"},"featured_img_caption":"","tax_additional":{"product_brand":{"linked":[],"unlinked":[],"slug":"product_brand","name":"Brands"},"product_type":{"linked":["<a href=\"https:\/\/onyx.com.uy\/en\/?taxonomy=product_type&#038;term=simple\" class=\"advgb-post-tax-term\">simple<\/a>"],"unlinked":["<span class=\"advgb-post-tax-term\">simple<\/span>"],"slug":"product_type","name":"Product type"},"product_visibility":{"linked":[],"unlinked":[],"slug":"product_visibility","name":"Product visibility"},"product_cat":{"linked":["<a href=\"https:\/\/onyx.com.uy\/en\/accesorios\/\" class=\"advgb-post-tax-term\">Accesorios<\/a>","<a href=\"https:\/\/onyx.com.uy\/en\/otros-accesorios\/\" class=\"advgb-post-tax-term\">Otros accesorios<\/a>"],"unlinked":["<span class=\"advgb-post-tax-term\">Accesorios<\/span>","<span class=\"advgb-post-tax-term\">Otros accesorios<\/span>"],"slug":"product_cat","name":"Product categories"},"product_tag":{"linked":["<a href=\"https:\/\/onyx.com.uy\/en\/product-tag\/accesorios\/\" class=\"advgb-post-tax-term\">accesorios<\/a>","<a href=\"https:\/\/onyx.com.uy\/en\/product-tag\/crochet\/\" class=\"advgb-post-tax-term\">crochet<\/a>","<a href=\"https:\/\/onyx.com.uy\/en\/product-tag\/funda-laptop\/\" class=\"advgb-post-tax-term\">funda laptop<\/a>"],"unlinked":["<span class=\"advgb-post-tax-term\">accesorios<\/span>","<span class=\"advgb-post-tax-term\">crochet<\/span>","<span class=\"advgb-post-tax-term\">funda laptop<\/span>"],"slug":"product_tag","name":"Product tags"},"product_shipping_class":{"linked":[],"unlinked":[],"slug":"product_shipping_class","name":"Product shipping classes"},"pos_product_visibility":{"linked":[],"unlinked":[],"slug":"pos_product_visibility","name":"POS Product visibility"}},"series_order":"","_links":{"self":[{"href":"https:\/\/onyx.com.uy\/en\/wp-json\/wp\/v2\/product\/3930","targetHints":{"allow":["GET"]}}],"collection":[{"href":"https:\/\/onyx.com.uy\/en\/wp-json\/wp\/v2\/product"}],"about":[{"href":"https:\/\/onyx.com.uy\/en\/wp-json\/wp\/v2\/types\/product"}],"replies":[{"embeddable":true,"href":"https:\/\/onyx.com.uy\/en\/wp-json\/wp\/v2\/comments?post=3930"}],"wp:featuredmedia":[{"embeddable":true,"href":"https:\/\/onyx.com.uy\/en\/wp-json\/wp\/v2\/media\/3972"}],"wp:attachment":[{"href":"https:\/\/onyx.com.uy\/en\/wp-json\/wp\/v2\/media?parent=3930"}],"wp:term":[{"taxonomy":"product_brand","embeddable":true,"href":"https:\/\/onyx.com.uy\/en\/wp-json\/wp\/v2\/product_brand?post=3930"},{"taxonomy":"product_cat","embeddable":true,"href":"https:\/\/onyx.com.uy\/en\/wp-json\/wp\/v2\/product_cat?post=3930"},{"taxonomy":"product_tag","embeddable":true,"href":"https:\/\/onyx.com.uy\/en\/wp-json\/wp\/v2\/product_tag?post=3930"}],"curies":[{"name":"wp","href":"https:\/\/api.w.org\/{rel}","templated":true}]}}