{"id":3978,"date":"2023-09-22T13:36:09","date_gmt":"2023-09-22T16:36:09","guid":{"rendered":"https:\/\/onyx.com.uy\/?post_type=product&#038;p=3978"},"modified":"2024-11-21T18:47:07","modified_gmt":"2024-11-21T21:47:07","slug":"scrunchie-de-saten","status":"publish","type":"product","link":"https:\/\/onyx.com.uy\/en\/scrunchie-de-saten\/","title":{"rendered":"Satin scrunchie"},"content":{"rendered":"<h3>Satin scrunchie<\/h3>\n<p>The scrunchies are already one of the <strong>more classic and versatile accessories<\/strong> that cannot be missing in your daily life.<\/p>\n<h4>Para todos los d\u00edas<\/h4>\n<p>El tama\u00f1o cl\u00e1sico para que puedas usar todos los d\u00edas y con cualquier outfit.<\/p>\n<h4>Haircare<\/h4>\n<p>Al ser de <strong>sat\u00e9n protegen tu pelo <\/strong>evitando posibles quiebres gracias a la suavidad de la tela.<\/p>\n<p>\u00bfNecesit\u00e1s otros tama\u00f1os? Eleg\u00ed tambi\u00e9n las colitas scrunchies normales o grandes.<\/p>\n<h4>Useful information.<\/h4>\n<details>\n<summary><strong>Materials + Care<\/strong><\/summary>\n<p>\u2013 Polyester.<br \/>\n\u2013 Handwash.<br \/>\n\u2013 Dry in the shade.<\/p>\n<\/details>\n<details>\n<summary><strong>Details<\/strong><\/summary>\n<p>\u2013 Width: 1,5cm<br \/>\n\u2013 Color: Negro<br \/>\n\u2013 Made in Montevideo, Uruguay.<\/p>\n<\/details>\n<div class=\"collapsible-list\">\n<details>\n<summary><strong>Recommended uses<\/strong><\/summary>\n<p>\u2013 Always protecting your hair.<br \/>\n\u2013 Must-have for your handbag or toiletry bag \ud83d\ude09<\/p>\n<\/details>\n<\/div>\n<hr \/>\n<p>Look at all the products in the section <a href=\"https:\/\/onyx.com.uy\/en\/accesorios\/\">Accessories<\/a><\/p>\n<p>Keep in touch \ud83d\udc8c <a href=\"https:\/\/www.instagram.com\/onyx.uy\/\" target=\"_blank\" rel=\"noopener\">Instagram<\/a> | <a href=\"https:\/\/www.facebook.com\/onyx.uy\/\" target=\"_blank\" rel=\"noopener\">Facebook<\/a> | <a href=\"https:\/\/www.youtube.com\/@onyxuy\" target=\"_blank\" rel=\"noopener\">Youtube<\/a> | <a href=\"https:\/\/www.pinterest.com\/onyx_uy\/\" target=\"_blank\" rel=\"noopener\">Pinterest\u00a0<\/a><\/p>","protected":false},"excerpt":{"rendered":"<p>Las colitas de pelo que no pueden faltar en tu vida.<\/p>\n<p>&nbsp;<\/p>","protected":false},"author":1,"featured_media":3979,"comment_status":"open","ping_status":"closed","template":"","meta":{"advgb_blocks_editor_width":"","advgb_blocks_columns_visual_guide":""},"product_brand":[],"product_cat":[23,141],"product_tag":[93,91,94],"class_list":{"0":"post-3978","1":"product","2":"type-product","3":"status-publish","4":"has-post-thumbnail","6":"product_cat-accesorios","7":"product_cat-accesorios-de-pelo","8":"product_tag-accesorios-de-pelo","9":"product_tag-scrunchie","10":"product_tag-scrunchie-de-saten","12":"first","13":"instock","14":"taxable","15":"shipping-taxable","16":"purchasable","17":"product-type-simple"},"featured_img":"https:\/\/onyx.com.uy\/wp-content\/uploads\/2024\/09\/scrunchie-normal.jpg","coauthors":[],"author_meta":{"author_link":"https:\/\/onyx.com.uy\/en\/author\/b004bd566f70ae54333057bd2d9e9257\/","display_name":"victoria"},"relative_dates":{"created":"Posted 3 years ago","modified":"Updated 1 year ago"},"absolute_dates":{"created":"Posted on 22\/09\/2023","modified":"Updated on 21\/11\/2024"},"absolute_dates_time":{"created":"Posted on 22\/09\/2023 13:36","modified":"Updated on 21\/11\/2024 18:47"},"featured_img_caption":"","tax_additional":{"product_brand":{"linked":[],"unlinked":[],"slug":"product_brand","name":"Brands"},"product_type":{"linked":["<a href=\"https:\/\/onyx.com.uy\/en\/?taxonomy=product_type&#038;term=simple\" class=\"advgb-post-tax-term\">simple<\/a>"],"unlinked":["<span class=\"advgb-post-tax-term\">simple<\/span>"],"slug":"product_type","name":"Product type"},"product_visibility":{"linked":[],"unlinked":[],"slug":"product_visibility","name":"Product visibility"},"product_cat":{"linked":["<a href=\"https:\/\/onyx.com.uy\/en\/accesorios\/\" class=\"advgb-post-tax-term\">Accesorios<\/a>","<a href=\"https:\/\/onyx.com.uy\/en\/accesorios-de-pelo\/\" class=\"advgb-post-tax-term\">Accesorios de pelo<\/a>"],"unlinked":["<span class=\"advgb-post-tax-term\">Accesorios<\/span>","<span class=\"advgb-post-tax-term\">Accesorios de pelo<\/span>"],"slug":"product_cat","name":"Product categories"},"product_tag":{"linked":["<a href=\"https:\/\/onyx.com.uy\/en\/product-tag\/accesorios-de-pelo\/\" class=\"advgb-post-tax-term\">accesorios de pelo<\/a>","<a href=\"https:\/\/onyx.com.uy\/en\/product-tag\/scrunchie\/\" class=\"advgb-post-tax-term\">scrunchie<\/a>","<a href=\"https:\/\/onyx.com.uy\/en\/product-tag\/scrunchie-de-saten\/\" class=\"advgb-post-tax-term\">scrunchie de sat\u00e9n<\/a>"],"unlinked":["<span class=\"advgb-post-tax-term\">accesorios de pelo<\/span>","<span class=\"advgb-post-tax-term\">scrunchie<\/span>","<span class=\"advgb-post-tax-term\">scrunchie de sat\u00e9n<\/span>"],"slug":"product_tag","name":"Product tags"},"product_shipping_class":{"linked":[],"unlinked":[],"slug":"product_shipping_class","name":"Product shipping classes"},"pos_product_visibility":{"linked":[],"unlinked":[],"slug":"pos_product_visibility","name":"POS Product visibility"}},"series_order":"","_links":{"self":[{"href":"https:\/\/onyx.com.uy\/en\/wp-json\/wp\/v2\/product\/3978","targetHints":{"allow":["GET"]}}],"collection":[{"href":"https:\/\/onyx.com.uy\/en\/wp-json\/wp\/v2\/product"}],"about":[{"href":"https:\/\/onyx.com.uy\/en\/wp-json\/wp\/v2\/types\/product"}],"replies":[{"embeddable":true,"href":"https:\/\/onyx.com.uy\/en\/wp-json\/wp\/v2\/comments?post=3978"}],"wp:featuredmedia":[{"embeddable":true,"href":"https:\/\/onyx.com.uy\/en\/wp-json\/wp\/v2\/media\/3979"}],"wp:attachment":[{"href":"https:\/\/onyx.com.uy\/en\/wp-json\/wp\/v2\/media?parent=3978"}],"wp:term":[{"taxonomy":"product_brand","embeddable":true,"href":"https:\/\/onyx.com.uy\/en\/wp-json\/wp\/v2\/product_brand?post=3978"},{"taxonomy":"product_cat","embeddable":true,"href":"https:\/\/onyx.com.uy\/en\/wp-json\/wp\/v2\/product_cat?post=3978"},{"taxonomy":"product_tag","embeddable":true,"href":"https:\/\/onyx.com.uy\/en\/wp-json\/wp\/v2\/product_tag?post=3978"}],"curies":[{"name":"wp","href":"https:\/\/api.w.org\/{rel}","templated":true}]}}